{"id":3807,"date":"2026-02-14T10:09:20","date_gmt":"2026-02-14T10:09:20","guid":{"rendered":"https:\/\/morewoodmore.com\/?page_id=3807"},"modified":"2026-02-24T13:36:10","modified_gmt":"2026-02-24T13:36:10","slug":"terms-and-conditions","status":"publish","type":"page","link":"https:\/\/morewoodmore.com\/hu\/terms-and-conditions\/","title":{"rendered":"\u00c1SZF"},"content":{"rendered":"\t\t<div data-elementor-type=\"wp-page\" data-elementor-id=\"3807\" class=\"elementor elementor-3807\" data-elementor-post-type=\"page\">\n\t\t\t\t<div class=\"elementor-element elementor-element-0dc7978 e-flex e-con-boxed e-con e-parent\" data-id=\"0dc7978\" data-element_type=\"container\" data-e-type=\"container\" data-no-translation=\"\">\n\t\t\t\t\t<div class=\"e-con-inner\">\n\t\t\t\t<div class=\"elementor-element elementor-element-d42cf81 elementor-widget elementor-widget-tbay-heading\" data-id=\"d42cf81\" data-element_type=\"widget\" data-e-type=\"widget\" data-no-translation=\"\" data-widget_type=\"tbay-heading.default\">\n\t\t\t\t<div class=\"elementor-widget-container\">\n\t\t\t\t\t\r\n<div class=\"tbay-element tbay-element-heading\">\r\n\t\t\t\t<h3 class=\"heading-tbay-title style-1\">\r\n                \r\n                 \r\n\r\n\t\t\t\t\t\t\t\t\t<span class=\"title\">\u00c1ltal\u00e1nos Szerz\u0151d\u00e9si Felt\u00e9telek<\/span>\r\n\t\t\t\t\t    \t\r\n\r\n                \r\n                <i aria-hidden=\"true\" class=\"tb-icon tb-icon-check-circle\"><\/i>\r\n\t\t\t<\/h3>\r\n        <\/div>\t\t\t\t<\/div>\n\t\t\t\t<\/div>\n\t\t\t\t\t<\/div>\n\t\t\t\t<\/div>\n\t\t<div class=\"elementor-element elementor-element-c1ead79 e-flex e-con-boxed e-con e-parent\" data-id=\"c1ead79\" data-element_type=\"container\" data-e-type=\"container\" data-no-translation=\"\">\n\t\t\t\t\t<div class=\"e-con-inner\">\n\t\t\t\t<div class=\"elementor-element elementor-element-2f94221 elementor-widget elementor-widget-text-editor\" data-id=\"2f94221\" data-element_type=\"widget\" data-e-type=\"widget\" data-no-translation=\"\" data-widget_type=\"text-editor.default\">\n\t\t\t\t\t\t\t\t\t\n<p data-start=\"10444\" data-end=\"10520\"><strong data-start=\"10444\" data-end=\"10469\">Hat\u00e1lybal\u00e9p\u00e9s d\u00e1tuma:<\/strong> 2026. febru\u00e1r 21.<br data-start=\"10487\" data-end=\"10490\" \/><strong data-start=\"10490\" data-end=\"10503\">Weboldal:<\/strong> morewoodmore.com<\/p>\n<h3 class=\"wp-block-heading\" data-start=\"10522\" data-end=\"10541\">1) Elad\u00f3 adatai<\/h3>\n<p data-start=\"10542\" data-end=\"10828\"><strong data-start=\"10542\" data-end=\"10566\">Elad\u00f3 \/ V\u00e1llalkoz\u00e1s:<\/strong> Winklhofer Em\u00edlia<br data-start=\"10596\" data-end=\"10599\" \/><strong data-start=\"10599\" data-end=\"10618\">Sz\u00e9khely \/ c\u00edm:<\/strong> 6786 Ruzsa tanya 708<br data-start=\"10631\" data-end=\"10634\" \/><strong data-start=\"10634\" data-end=\"10645\">Orsz\u00e1g:<\/strong> Magyarorsz\u00e1g (Csongr\u00e1d-Csan\u00e1d megye)<br data-start=\"10682\" data-end=\"10685\" \/><strong data-start=\"10685\" data-end=\"10696\">E-mail:<\/strong> <a class=\"decorated-link cursor-pointer\" rel=\"noopener\" data-start=\"10697\" data-end=\"10718\">info@morewoodmore.com<\/a><br data-start=\"10757\" data-end=\"10760\" \/><strong data-start=\"10760\" data-end=\"10772\">Ad\u00f3sz\u00e1m:<\/strong> 53692614-1-26<\/p>\n<h3 data-start=\"10830\" data-end=\"10856\">2) Hat\u00e1ly \u00e9s elfogad\u00e1s<\/h3>\n<ol data-start=\"10857\" data-end=\"11223\">\n<li data-start=\"10857\" data-end=\"10953\">\n<p data-start=\"10860\" data-end=\"10953\">Jelen \u00c1SZF a <strong data-start=\"10873\" data-end=\"10893\">morewoodmore.com<\/strong> web\u00e1ruh\u00e1zban (WooCommerce) t\u00f6rt\u00e9n\u0151 v\u00e1s\u00e1rl\u00e1sokra vonatkozik.<\/p>\n<\/li>\n<li data-start=\"10954\" data-end=\"11000\">\n<p data-start=\"10957\" data-end=\"11000\">A rendel\u00e9s lead\u00e1s\u00e1val elfogadod az \u00c1SZF-et.<\/p>\n<\/li>\n<li data-start=\"11001\" data-end=\"11223\">\n<p data-start=\"11004\" data-end=\"11223\">Az \u00c1SZF els\u0151sorban <strong data-start=\"11023\" data-end=\"11039\">fogyaszt\u00f3kra<\/strong> (\u00fczleti tev\u00e9kenys\u00e9gen k\u00edv\u00fcl elj\u00e1r\u00f3 term\u00e9szetes szem\u00e9lyekre) k\u00e9sz\u00fclt. V\u00e1llalkoz\u00e1sk\u00e9nt t\u00f6rt\u00e9n\u0151 v\u00e1s\u00e1rl\u00e1s eset\u00e9n egyes fogyaszt\u00f3i jogok nem alkalmazand\u00f3k, de a k\u00f6telez\u0151 jogszab\u00e1lyok igen.<\/p>\n<\/li>\n<\/ol>\n<h3 data-start=\"11225\" data-end=\"11240\">3) Term\u00e9kek<\/h3>\n<ol data-start=\"11241\" data-end=\"11643\">\n<li data-start=\"11241\" data-end=\"11311\">\n<p data-start=\"11244\" data-end=\"11311\"><strong data-start=\"11244\" data-end=\"11266\">Fizikai term\u00e9keket<\/strong> \u00e9rt\u00e9kes\u00edt\u00fcnk (k\u00e9zzel k\u00e9sz\u00edtett fa \u00e9kszerek).<\/p>\n<\/li>\n<li data-start=\"11312\" data-end=\"11530\">\n<p data-start=\"11315\" data-end=\"11410\">A term\u00e9kle\u00edr\u00e1sok \u00e9s k\u00e9pek t\u00e1j\u00e9koztat\u00f3 jelleg\u0171ek. Tekintettel arra, hogy a fa term\u00e9szetes anyag:<\/p>\n<ul data-start=\"11414\" data-end=\"11530\">\n<li data-start=\"11414\" data-end=\"11467\">\n<p data-start=\"11416\" data-end=\"11467\">erezete, \u00e1rnyalata, mint\u00e1zata darabonk\u00e9nt elt\u00e9rhet,<\/p>\n<\/li>\n<li data-start=\"11471\" data-end=\"11530\">\n<p data-start=\"11473\" data-end=\"11530\">a sz\u00ednek kijelz\u0151t\u0151l\/f\u00e9nyviszonyokt\u00f3l f\u00fcgg\u0151en elt\u00e9rhetnek.<\/p>\n<\/li>\n<\/ul>\n<\/li>\n<li data-start=\"11531\" data-end=\"11643\">\n<p data-start=\"11534\" data-end=\"11643\">A term\u00e9szetes elt\u00e9r\u00e9sek \u00f6nmagukban nem min\u0151s\u00fclnek hib\u00e1nak, a fogyaszt\u00f3i jogaid ett\u0151l f\u00fcggetlen\u00fcl megilletnek.<\/p>\n<\/li>\n<\/ol>\n<h3 data-start=\"11645\" data-end=\"11687\">4) Szerz\u0151d\u00e9sk\u00f6t\u00e9s menete (WooCommerce)<\/h3>\n<ol data-start=\"11688\" data-end=\"12447\">\n<li data-start=\"11688\" data-end=\"11739\">\n<p data-start=\"11691\" data-end=\"11739\">A term\u00e9kek megjelen\u00edt\u00e9se aj\u00e1nlatt\u00e9teli felh\u00edv\u00e1s.<\/p>\n<\/li>\n<li data-start=\"11740\" data-end=\"11959\">\n<p data-start=\"11743\" data-end=\"11784\">A rendel\u00e9s lead\u00e1s\u00e1nak l\u00e9p\u00e9sei jellemz\u0151en:<\/p>\n<ul data-start=\"11788\" data-end=\"11959\">\n<li data-start=\"11788\" data-end=\"11815\">\n<p data-start=\"11790\" data-end=\"11815\">term\u00e9k kos\u00e1rba helyez\u00e9se,<\/p>\n<\/li>\n<li data-start=\"11819\" data-end=\"11859\">\n<p data-start=\"11821\" data-end=\"11859\">sz\u00e1ml\u00e1z\u00e1si\/sz\u00e1ll\u00edt\u00e1si adatok megad\u00e1sa,<\/p>\n<\/li>\n<li data-start=\"11863\" data-end=\"11888\">\n<p data-start=\"11865\" data-end=\"11888\">sz\u00e1ll\u00edt\u00e1s kiv\u00e1laszt\u00e1sa,<\/p>\n<\/li>\n<li data-start=\"11892\" data-end=\"11930\">\n<p data-start=\"11894\" data-end=\"11930\">fizet\u00e9s kiv\u00e1laszt\u00e1sa \u00e9s teljes\u00edt\u00e9se,<\/p>\n<\/li>\n<li data-start=\"11934\" data-end=\"11959\">\n<p data-start=\"11936\" data-end=\"11959\">rendel\u00e9s v\u00e9gleges\u00edt\u00e9se.<\/p>\n<\/li>\n<\/ul>\n<\/li>\n<li data-start=\"11960\" data-end=\"12098\">\n<p data-start=\"11963\" data-end=\"12098\"><strong data-start=\"11963\" data-end=\"11991\">Rendel\u00e9s visszaigazol\u00e1s:<\/strong> automatikus e-mail \u00e9rkezhet, amely a rendel\u00e9s be\u00e9rkez\u00e9s\u00e9t igazolja, nem felt\u00e9tlen\u00fcl a v\u00e9gleges elfogad\u00e1st.<\/p>\n<\/li>\n<li data-start=\"12099\" data-end=\"12447\">\n<p data-start=\"12102\" data-end=\"12166\"><strong data-start=\"12102\" data-end=\"12129\">A szerz\u0151d\u00e9s l\u00e9trej\u00f6tte:<\/strong> a szerz\u0151d\u00e9s akkor j\u00f6n l\u00e9tre, amikor:<\/p>\n<ul data-start=\"12170\" data-end=\"12447\">\n<li data-start=\"12170\" data-end=\"12234\">\n<p data-start=\"12172\" data-end=\"12234\">a <strong data-start=\"12174\" data-end=\"12184\">Stripe<\/strong> rendszeren kereszt\u00fcli k\u00e1rty\u00e1s fizet\u00e9s sikeres, \u00e9s<\/p>\n<\/li>\n<li data-start=\"12238\" data-end=\"12447\">\n<p data-start=\"12240\" data-end=\"12447\">a rendel\u00e9st elfogadjuk (pl. \u201efeldolgoz\u00e1s alatt\/elfogadva\u201d st\u00e1tusz) vagy a term\u00e9ket feladjuk,<br data-start=\"12332\" data-end=\"12335\" \/>kiv\u00e9ve, ha \u00e9rtes\u00edt\u00fcnk, hogy a teljes\u00edt\u00e9s nem lehets\u00e9ges (pl. k\u00e9szlethi\u00e1ny, \u00e1raz\u00e1si hiba, vissza\u00e9l\u00e9s gyan\u00faja).<\/p>\n<\/li>\n<\/ul>\n<\/li>\n<\/ol>\n<h3 data-start=\"12449\" data-end=\"12488\">5) \u00c1rak, \u00c1FA, p\u00e9nznemek (EUR + HUF)<\/h3>\n<ol data-start=\"12489\" data-end=\"13208\">\n<li data-start=\"12489\" data-end=\"12569\">\n<p data-start=\"12492\" data-end=\"12569\">Az \u00e1rak <strong data-start=\"12500\" data-end=\"12535\">brutt\u00f3 \u00e1rak, \u00c1F\u00c1-t tartalmaznak<\/strong> (ha ett\u0151l elt\u00e9r, k\u00fcl\u00f6n jelezz\u00fck).<\/p>\n<\/li>\n<li data-start=\"12570\" data-end=\"12656\">\n<p data-start=\"12573\" data-end=\"12656\">A web\u00e1ruh\u00e1zban <strong data-start=\"12588\" data-end=\"12602\">EUR \u00e9s HUF<\/strong> p\u00e9nznem el\u00e9rhet\u0151 a <strong data-start=\"12622\" data-end=\"12631\">CURCY<\/strong> b\u0151v\u00edtm\u00e9ny haszn\u00e1lat\u00e1val.<\/p>\n<\/li>\n<li data-start=\"12657\" data-end=\"12766\">\n<p data-start=\"12660\" data-end=\"12766\"><strong data-start=\"12660\" data-end=\"12680\">Ir\u00e1nyad\u00f3 \u00f6sszeg:<\/strong> a p\u00e9nzt\u00e1rn\u00e1l megjelen\u00edtett \u00e9s a Stripe \u00e1ltal sikeresen terhelt v\u00e9g\u00f6sszeg az ir\u00e1nyad\u00f3.<\/p>\n<\/li>\n<li data-start=\"12767\" data-end=\"12911\">\n<p data-start=\"12770\" data-end=\"12911\"><strong data-start=\"12770\" data-end=\"12796\">\u00c1rfolyam \u00e9s kerek\u00edt\u00e9s:<\/strong> az \u00e1tv\u00e1lt\u00e1s a CURCY be\u00e1ll\u00edtott \u00e1rfolyamforr\u00e1sa \u00e9s friss\u00edt\u00e9si gyakoris\u00e1ga szerint t\u00f6rt\u00e9nik, kerek\u00edt\u00e9s el\u0151fordulhat.<\/p>\n<\/li>\n<li data-start=\"12912\" data-end=\"13057\">\n<p data-start=\"12915\" data-end=\"13057\"><strong data-start=\"12915\" data-end=\"12951\">Banki\/k\u00e1rty\u00e1s \u00e1rfolyam \u00e9s d\u00edjak:<\/strong> a bankod\/k\u00e1rtyakibocs\u00e1t\u00f3d tov\u00e1bbi d\u00edjat vagy \u00e1rfolyamot alkalmazhat, ez k\u00edv\u00fcl esik az Elad\u00f3 ellen\u0151rz\u00e9s\u00e9n.<\/p>\n<\/li>\n<li data-start=\"13058\" data-end=\"13151\">\n<p data-start=\"13061\" data-end=\"13151\">A sz\u00e1ll\u00edt\u00e1si d\u00edjakat \u00e9s esetleges egy\u00e9b d\u00edjakat a p\u00e9nzt\u00e1rban a fizet\u00e9s el\u0151tt felt\u00fcntetj\u00fck.<\/p>\n<\/li>\n<li data-start=\"13152\" data-end=\"13208\">\n<p data-start=\"13155\" data-end=\"13208\"><strong data-start=\"13155\" data-end=\"13178\">Sz\u00e1ml\u00e1z\u00e1s p\u00e9nzneme:<\/strong> [SZ\u00c1ML\u00c1Z\u00c1S P\u00c9NZNEME SZAB\u00c1LY].<\/p>\n<\/li>\n<\/ol>\n<h3 data-start=\"13210\" data-end=\"13249\">6) Fizet\u00e9s (Stripe k\u00e1rty\u00e1s fizet\u00e9s)<\/h3>\n<ol data-start=\"13250\" data-end=\"13765\">\n<li data-start=\"13250\" data-end=\"13334\">\n<p data-start=\"13253\" data-end=\"13334\">A fizet\u00e9s <strong data-start=\"13263\" data-end=\"13273\">Stripe<\/strong> rendszeren kereszt\u00fcl k\u00e1rty\u00e1val t\u00f6rt\u00e9nik, jellemz\u0151en azonnal.<\/p>\n<\/li>\n<li data-start=\"13335\" data-end=\"13476\">\n<p data-start=\"13338\" data-end=\"13476\">A rendel\u00e9s akkor tekinthet\u0151 kifizetettnek, amikor a Stripe a tranzakci\u00f3t sikeresnek jelzi (autoriz\u00e1l\u00e1s\/terhel\u00e9s a be\u00e1ll\u00edt\u00e1sokt\u00f3l f\u00fcgg\u0151en).<\/p>\n<\/li>\n<li data-start=\"13477\" data-end=\"13592\">\n<p data-start=\"13480\" data-end=\"13592\">Sikertelen vagy megszak\u00edtott fizet\u00e9s eset\u00e9n a rendel\u00e9st visszatarthatjuk vagy \u00e9sszer\u0171 hat\u00e1rid\u0151 ut\u00e1n t\u00f6r\u00f6lhetj\u00fck.<\/p>\n<\/li>\n<li data-start=\"13593\" data-end=\"13679\">\n<p data-start=\"13596\" data-end=\"13679\">A k\u00e1rtyaadatokat a Stripe kezeli; mi nem t\u00e1roljuk a teljes k\u00e1rtyasz\u00e1mot vagy CVC-t.<\/p>\n<\/li>\n<li data-start=\"13680\" data-end=\"13765\">\n<p data-start=\"13683\" data-end=\"13765\">A Stripe csal\u00e1smegel\u0151z\u00e9si ellen\u0151rz\u00e9seket v\u00e9gezhet, \u00e9s tov\u00e1bbi hiteles\u00edt\u00e9st k\u00e9rhet.<\/p>\n<\/li>\n<\/ol>\n<h3 data-start=\"13767\" data-end=\"13797\">7) Sz\u00e1ll\u00edt\u00e1s \u00e9s teljes\u00edt\u00e9s<\/h3>\n<ol data-start=\"13798\" data-end=\"14319\">\n<li data-start=\"13798\" data-end=\"13889\">\n<p data-start=\"13801\" data-end=\"13889\">Sz\u00e1ll\u00edt\u00e1si ter\u00fclet: <strong data-start=\"13821\" data-end=\"13843\">Magyarorsz\u00e1g \u00e9s EU<\/strong> (a konkr\u00e9t el\u00e9rhet\u0151s\u00e9g a p\u00e9nzt\u00e1rn\u00e1l l\u00e1that\u00f3).<\/p>\n<\/li>\n<li data-start=\"13890\" data-end=\"13935\">\n<p data-start=\"13893\" data-end=\"13935\">Fut\u00e1rszolg\u00e1lat(ok): <strong data-start=\"13913\" data-end=\"13935\">[FUT\u00c1RSZOLG\u00c1LATOK]<\/strong><\/p>\n<\/li>\n<li data-start=\"13936\" data-end=\"13980\">\n<p data-start=\"13939\" data-end=\"13980\">Felad\u00e1si\/kezel\u00e9si id\u0151: <strong data-start=\"13962\" data-end=\"13980\">[FELAD\u00c1SI ID\u0150]<\/strong><\/p>\n<\/li>\n<li data-start=\"13981\" data-end=\"14042\">\n<p data-start=\"13984\" data-end=\"14042\">V\u00e1rhat\u00f3 k\u00e9zbes\u00edt\u00e9si id\u0151: <strong data-start=\"14009\" data-end=\"14042\">[K\u00c9ZBES\u00cdT\u00c9SI ID\u0150 TARTOM\u00c1NYOK]<\/strong><\/p>\n<\/li>\n<li data-start=\"14043\" data-end=\"14203\">\n<p data-start=\"14046\" data-end=\"14203\"><strong data-start=\"14046\" data-end=\"14084\">K\u00e1rvesz\u00e9ly \u00e1tsz\u00e1ll\u00e1sa (fogyaszt\u00f3):<\/strong> a k\u00e1rvesz\u00e9ly akkor sz\u00e1ll \u00e1t r\u00e1d, amikor te (vagy az \u00e1ltalad megjel\u00f6lt harmadik szem\u00e9ly) fizikailag \u00e1tveszi a term\u00e9ket.<\/p>\n<\/li>\n<li data-start=\"14204\" data-end=\"14319\">\n<p data-start=\"14207\" data-end=\"14319\">Hib\u00e1s c\u00edm \/ sikertelen k\u00e9zbes\u00edt\u00e9s eset\u00e9n a t\u00f6bbletk\u00f6lts\u00e9gek felmer\u00fclhetnek: <strong data-start=\"14283\" data-end=\"14318\">[SIKERTELEN K\u00c9ZBES\u00cdT\u00c9S SZAB\u00c1LY]<\/strong>.<\/p>\n<\/li>\n<\/ol>\n<h3 data-start=\"14321\" data-end=\"14368\">8) El\u00e1ll\u00e1si jog (EU fogyaszt\u00f3knak \u2013 14 nap)<\/h3>\n<p data-start=\"14369\" data-end=\"14447\">EU\/EGT fogyaszt\u00f3k\u00e9nt \u00e1ltal\u00e1ban <strong data-start=\"14400\" data-end=\"14418\">14 napon bel\u00fcl<\/strong> indokol\u00e1s n\u00e9lk\u00fcl el\u00e1llhatsz.<\/p>\n<h4 data-start=\"14449\" data-end=\"14466\">8.1 Hat\u00e1rid\u0151<\/h4>\n<ul data-start=\"14467\" data-end=\"14519\">\n<li data-start=\"14467\" data-end=\"14519\">\n<p data-start=\"14469\" data-end=\"14519\">14 nap att\u00f3l a napt\u00f3l, amikor a term\u00e9ket \u00e1tvetted.<\/p>\n<\/li>\n<\/ul>\n<h4 data-start=\"14521\" data-end=\"14543\">8.2 El\u00e1ll\u00e1s m\u00f3dja<\/h4>\n<p data-start=\"14544\" data-end=\"14612\">K\u00fcldj egy\u00e9rtelm\u0171 nyilatkozatot e-mailben: <strong data-start=\"14586\" data-end=\"14611\"><a class=\"decorated-link cursor-pointer\" rel=\"noopener\" data-start=\"14588\" data-end=\"14609\">info@morewoodmore.com<\/a><\/strong>.<\/p>\n<p data-start=\"14614\" data-end=\"14624\"><strong data-start=\"14614\" data-end=\"14624\">Minta:<\/strong><\/p>\n<ul data-start=\"14625\" data-end=\"14905\">\n<li data-start=\"14625\" data-end=\"14660\">\n<p data-start=\"14627\" data-end=\"14660\">T\u00e1rgy: El\u00e1ll\u00e1s \u2013 [RENDEL\u00c9SSZ\u00c1M]<\/p>\n<\/li>\n<li data-start=\"14661\" data-end=\"14905\">\n<p data-start=\"14663\" data-end=\"14905\">Sz\u00f6veg:<br data-start=\"14670\" data-end=\"14673\" \/>\u201eEz\u00faton el\u00e1llok a k\u00f6vetkez\u0151 term\u00e9k(ek) ad\u00e1sv\u00e9tel\u00e9re vonatkoz\u00f3 szerz\u0151d\u00e9st\u0151l: [TERM\u00c9K].<br data-start=\"14760\" data-end=\"14763\" \/>Rendel\u00e9ssz\u00e1m: [RENDEL\u00c9SSZ\u00c1M]<br data-start=\"14793\" data-end=\"14796\" \/>Megrendel\u00e9s d\u00e1tuma: [D\u00c1TUM] \/ \u00c1tv\u00e9tel d\u00e1tuma: [D\u00c1TUM]<br data-start=\"14851\" data-end=\"14854\" \/>N\u00e9v: [N\u00c9V]<br data-start=\"14866\" data-end=\"14869\" \/>C\u00edm: [C\u00cdM]<br data-start=\"14881\" data-end=\"14884\" \/>D\u00e1tum: [MAI D\u00c1TUM]\u201d<\/p>\n<\/li>\n<\/ul>\n<h4 data-start=\"14907\" data-end=\"14928\">8.3 Visszak\u00fcld\u00e9s<\/h4>\n<ol data-start=\"14929\" data-end=\"15130\">\n<li data-start=\"14929\" data-end=\"15023\">\n<p data-start=\"14932\" data-end=\"15023\">A term\u00e9ket indokolatlan k\u00e9sedelem n\u00e9lk\u00fcl, de legk\u00e9s\u0151bb 14 napon bel\u00fcl vissza kell k\u00fcldened.<\/p>\n<\/li>\n<li data-start=\"15024\" data-end=\"15069\">\n<p data-start=\"15027\" data-end=\"15069\">Visszak\u00fcld\u00e9si c\u00edm: <strong data-start=\"15046\" data-end=\"15069\">[VISSZAK\u00dcLD\u00c9SI C\u00cdM]<\/strong><\/p>\n<\/li>\n<li data-start=\"15070\" data-end=\"15130\">\n<p data-start=\"15073\" data-end=\"15130\">A visszak\u00fcld\u00e9s k\u00f6zvetlen k\u00f6lts\u00e9ge \u00e1ltal\u00e1ban t\u00e9ged terhel.<\/p>\n<\/li>\n<\/ol>\n<h4 data-start=\"15132\" data-end=\"15154\">8.4 Visszat\u00e9r\u00edt\u00e9s<\/h4>\n<ol data-start=\"15155\" data-end=\"15433\">\n<li data-start=\"15155\" data-end=\"15242\">\n<p data-start=\"15158\" data-end=\"15242\">Az el\u00e1ll\u00e1s k\u00f6zl\u00e9s\u00e9t\u0151l sz\u00e1m\u00edtott 14 napon bel\u00fcl visszat\u00e9r\u00edtj\u00fck a befizetett \u00f6sszeget.<\/p>\n<\/li>\n<li data-start=\"15243\" data-end=\"15350\">\n<p data-start=\"15246\" data-end=\"15350\">A visszat\u00e9r\u00edt\u00e9st visszatarthatjuk addig, am\u00edg a term\u00e9k vissza nem \u00e9rkezik, vagy nem igazolod a felad\u00e1st.<\/p>\n<\/li>\n<li data-start=\"15351\" data-end=\"15433\">\n<p data-start=\"15354\" data-end=\"15433\">A visszat\u00e9r\u00edt\u00e9s lehet\u0151s\u00e9g szerint az eredeti fizet\u00e9si m\u00f3ddal (Stripe) t\u00f6rt\u00e9nik.<\/p>\n<\/li>\n<\/ol>\n<h4 data-start=\"15435\" data-end=\"15458\">8.5 \u00c9rt\u00e9kcs\u00f6kken\u00e9s<\/h4>\n<p data-start=\"15459\" data-end=\"15552\">Az \u00e9rt\u00e9kcs\u00f6kken\u00e9s\u00e9rt csak a rendeltet\u00e9sszer\u0171 kipr\u00f3b\u00e1l\u00e1son t\u00falmutat\u00f3 haszn\u00e1lat eset\u00e9n felelsz.<\/p>\n<h4 data-start=\"15554\" data-end=\"15572\">8.6 Kiv\u00e9telek<\/h4>\n<p data-start=\"15573\" data-end=\"15755\">Bizonyos term\u00e9kekn\u00e9l lehet kiv\u00e9tel (pl. higi\u00e9niai okb\u00f3l z\u00e1rt csomagol\u00e1s felbont\u00e1sa ut\u00e1n). Fizikai term\u00e9kekn\u00e9l csak akkor alkalmazunk kiv\u00e9telt, ha az egy\u00e9rtelm\u0171en jogszer\u0171en ir\u00e1nyad\u00f3.<\/p>\n<h3 data-start=\"15757\" data-end=\"15790\">9) Vissz\u00e1ru \/ \u00fcgyf\u00e9lszolg\u00e1lat<\/h3>\n<ol data-start=\"15791\" data-end=\"15960\">\n<li data-start=\"15791\" data-end=\"15853\">\n<p data-start=\"15794\" data-end=\"15853\">\u00d6nk\u00e9ntes vissz\u00e1ru szab\u00e1ly: <strong data-start=\"15821\" data-end=\"15852\">[\u00d6NK\u00c9NTES VISSZ\u00c1RU SZAB\u00c1LY]<\/strong>.<\/p>\n<\/li>\n<li data-start=\"15854\" data-end=\"15960\">\n<p data-start=\"15857\" data-end=\"15888\">Probl\u00e9ma eset\u00e9n k\u00e9rj\u00fck \u00edrd meg:<\/p>\n<ul data-start=\"15892\" data-end=\"15960\">\n<li data-start=\"15892\" data-end=\"15910\">\n<p data-start=\"15894\" data-end=\"15910\">rendel\u00e9s sz\u00e1m\u00e1t,<\/p>\n<\/li>\n<li data-start=\"15914\" data-end=\"15932\">\n<p data-start=\"15916\" data-end=\"15932\">a hiba le\u00edr\u00e1s\u00e1t,<\/p>\n<\/li>\n<li data-start=\"15936\" data-end=\"15960\">\n<p data-start=\"15938\" data-end=\"15960\">fot\u00f3kat (ha relev\u00e1ns).<\/p>\n<\/li>\n<\/ul>\n<\/li>\n<\/ol>\n<h3 data-start=\"15962\" data-end=\"16002\">10) Kell\u00e9kszavatoss\u00e1g \/ megfelel\u0151s\u00e9g<\/h3>\n<p data-start=\"16003\" data-end=\"16265\">A jogszab\u00e1lyok szerinti fogyaszt\u00f3i ig\u00e9nyek megilletnek. Hiba eset\u00e9n sz\u00f3ba j\u00f6het jav\u00edt\u00e1s, csere, \u00e1rlesz\u00e1ll\u00edt\u00e1s vagy el\u00e1ll\u00e1s a k\u00f6r\u00fclm\u00e9nyek szerint. A fa term\u00e9szetes elt\u00e9r\u00e9sei nem hib\u00e1k, ha a term\u00e9k l\u00e9nyeg\u00e9ben megfelel a le\u00edr\u00e1snak \u00e9s rendeltet\u00e9sszer\u0171en haszn\u00e1lhat\u00f3.<\/p>\n<h3 data-start=\"16267\" data-end=\"16305\">11) Rendel\u00e9s m\u00f3dos\u00edt\u00e1sa \u00e9s t\u00f6rl\u00e9se<\/h3>\n<p data-start=\"16306\" data-end=\"16550\">M\u00f3dos\u00edt\u00e1s csak felad\u00e1s el\u0151tt \u00e9s feldolgozotts\u00e1gt\u00f3l f\u00fcgg\u0151en lehets\u00e9ges. Az Elad\u00f3 t\u00f6r\u00f6lhet k\u00e9szlethi\u00e1ny, nyilv\u00e1nval\u00f3 \u00e1raz\u00e1si\/technikai hiba, k\u00e9zbes\u00edt\u00e9si akad\u00e1ly, vissza\u00e9l\u00e9s gyan\u00faja vagy vis maior eset\u00e9n. Fizet\u00e9s ut\u00e1n t\u00f6rl\u00e9s eset\u00e9n visszat\u00e9r\u00edt\u00fcnk.<\/p>\n<h3 data-start=\"16552\" data-end=\"16593\">12) Kezel\u00e9si \u00e9s biztons\u00e1gi tudnival\u00f3k<\/h3>\n<p data-start=\"16594\" data-end=\"16748\">\u00c9kszereket \u00f3vd v\u00edzt\u0151l, vegyszerekt\u0151l, h\u0151t\u0151l. Kis alkatr\u00e9szek miatt kisgyermekekt\u0151l tartsd t\u00e1vol. \u00c9rz\u00e9kenys\u00e9g\/allergia eset\u00e9n \u00e9rdekl\u0151dj anyag\u00f6sszet\u00e9telr\u0151l.<\/p>\n<h3 data-start=\"16750\" data-end=\"16768\">13) Felel\u0151ss\u00e9g<\/h3>\n<p data-start=\"16769\" data-end=\"16943\">Nem z\u00e1rjuk ki a k\u00f6telez\u0151en el\u0151\u00edrt felel\u0151ss\u00e9get \u00e9s fogyaszt\u00f3i jogokat. Nem felel\u00fcnk a banki\/k\u00e1rty\u00e1s d\u00edjak\u00e9rt, illetve az ellen\u0151rz\u00e9s\u00fcnk\u00f6n k\u00edv\u00fcl \u00e1ll\u00f3 szolg\u00e1ltat\u00e1skimarad\u00e1sok\u00e9rt.<\/p>\n<h3 data-start=\"16945\" data-end=\"16966\">14) Szerz\u0151i jogok<\/h3>\n<p data-start=\"16967\" data-end=\"17072\">A weboldal tartalma (sz\u00f6veg, fot\u00f3, log\u00f3) v\u00e9delem alatt \u00e1ll. Enged\u00e9ly n\u00e9lk\u00fcl \u00fczleti c\u00e9lra nem haszn\u00e1lhat\u00f3.<\/p>\n<h3 data-start=\"17074\" data-end=\"17086\">15) Fi\u00f3k<\/h3>\n<p data-start=\"17087\" data-end=\"17230\">A bel\u00e9p\u00e9si adatok v\u00e9delme a felhaszn\u00e1l\u00f3 felel\u0151ss\u00e9ge. Vissza\u00e9l\u00e9s eset\u00e9n a fi\u00f3kot felf\u00fcggeszthetj\u00fck\/megsz\u00fcntethetj\u00fck a jogszab\u00e1lyok betart\u00e1s\u00e1val.<\/p>\n<h3 data-start=\"17232\" data-end=\"17265\">16) \u00c9rt\u00e9kel\u00e9sek (ha el\u00e9rhet\u0151)<\/h3>\n<p data-start=\"17266\" data-end=\"17390\">Jogellenes vagy s\u00e9rt\u0151 tartalmat elt\u00e1vol\u00edthatunk. Az \u00e9rt\u00e9kel\u00e9s bek\u00fcld\u00e9s\u00e9vel hozz\u00e1j\u00e1rulsz annak megjelen\u00edt\u00e9s\u00e9hez a weboldalon.<\/p>\n<h3 data-start=\"17392\" data-end=\"17429\">17) Panaszkezel\u00e9s \u00e9s vitarendez\u00e9s<\/h3>\n<p data-start=\"17430\" data-end=\"17645\">Panasz: <strong data-start=\"17438\" data-end=\"17463\"><a class=\"decorated-link cursor-pointer\" rel=\"noopener\" data-start=\"17440\" data-end=\"17461\">info@morewoodmore.com<\/a><\/strong>, v\u00e1laszid\u0151: <strong data-start=\"17476\" data-end=\"17498\">[PANASZ V\u00c1LASZID\u0150]<\/strong>.<br data-start=\"17499\" data-end=\"17502\" \/>B\u00e9k\u00e9ltet\u0151 test\u00fclet: <strong data-start=\"17522\" data-end=\"17553\">[B\u00c9K\u00c9LTET\u0150 TEST\u00dcLET ADATAI]<\/strong>.<br data-start=\"17554\" data-end=\"17557\" \/>EU fogyaszt\u00f3k sz\u00e1m\u00e1ra el\u00e9rhet\u0151 az Eur\u00f3pai Bizotts\u00e1g online vitarendez\u00e9si fel\u00fclete (ODR).<\/p>\n<h3 data-start=\"17647\" data-end=\"17667\">18) Ir\u00e1nyad\u00f3 jog<\/h3>\n<p data-start=\"17668\" data-end=\"17806\">Magyar jog az ir\u00e1nyad\u00f3, de m\u00e1s EU tag\u00e1llamban \u00e9l\u0151 fogyaszt\u00f3 eset\u00e9n a lak\u00f3hely szerinti k\u00f6telez\u0151 fogyaszt\u00f3v\u00e9delmi szab\u00e1lyok is megilletnek.<\/p>\n<h3 data-start=\"17808\" data-end=\"17825\">19) M\u00f3dos\u00edt\u00e1s<\/h3>\n<p data-start=\"17826\" data-end=\"17931\">Az \u00c1SZF-et id\u0151r\u0151l id\u0151re m\u00f3dos\u00edthatjuk; az aktu\u00e1lis verzi\u00f3 a weboldalon \u00e9rhet\u0151 el hat\u00e1lybal\u00e9p\u00e9si d\u00e1tummal.<\/p>\t\t\t\t\t\t\t\t<\/div>\n\t\t\t\t\t<\/div>\n\t\t\t\t<\/div>\n\t\t\t\t<\/div>\n\t\t","protected":false},"excerpt":{"rendered":"<p>Hat\u00e1lybal\u00e9p\u00e9s d\u00e1tuma: 2026. febru\u00e1r 21.Weboldal: morewoodmore.com 1) Elad\u00f3 adatai Elad\u00f3 \/ V\u00e1llalkoz\u00e1s: Winklhofer Em\u00edliaSz\u00e9khely \/ c\u00edm: 6786 Ruzsa tanya 708Orsz\u00e1g: Magyarorsz\u00e1g (Csongr\u00e1d-Csan\u00e1d megye)E-mail: info@morewoodmore.comAd\u00f3sz\u00e1m: 53692614-1-26 2) Hat\u00e1ly \u00e9s elfogad\u00e1s Jelen \u00c1SZF a morewoodmore.com web\u00e1ruh\u00e1zban (WooCommerce) t\u00f6rt\u00e9n\u0151 v\u00e1s\u00e1rl\u00e1sokra vonatkozik. A rendel\u00e9s lead\u00e1s\u00e1val elfogadod az \u00c1SZF-et. Az \u00c1SZF els\u0151sorban fogyaszt\u00f3kra (\u00fczleti tev\u00e9kenys\u00e9gen k\u00edv\u00fcl elj\u00e1r\u00f3 term\u00e9szetes szem\u00e9lyekre) k\u00e9sz\u00fclt. &hellip; <a href=\"https:\/\/morewoodmore.com\/hu\/terms-and-conditions\/\" class=\"more-link\">Continue reading <span class=\"screen-reader-text\">\u00c1SZF<\/span><\/a><\/p>","protected":false},"author":1,"featured_media":0,"parent":0,"menu_order":0,"comment_status":"closed","ping_status":"closed","template":"","meta":{"footnotes":""},"class_list":["post-3807","page","type-page","status-publish","hentry"],"_links":{"self":[{"href":"https:\/\/morewoodmore.com\/hu\/wp-json\/wp\/v2\/pages\/3807","targetHints":{"allow":["GET"]}}],"collection":[{"href":"https:\/\/morewoodmore.com\/hu\/wp-json\/wp\/v2\/pages"}],"about":[{"href":"https:\/\/morewoodmore.com\/hu\/wp-json\/wp\/v2\/types\/page"}],"author":[{"embeddable":true,"href":"https:\/\/morewoodmore.com\/hu\/wp-json\/wp\/v2\/users\/1"}],"replies":[{"embeddable":true,"href":"https:\/\/morewoodmore.com\/hu\/wp-json\/wp\/v2\/comments?post=3807"}],"version-history":[{"count":49,"href":"https:\/\/morewoodmore.com\/hu\/wp-json\/wp\/v2\/pages\/3807\/revisions"}],"predecessor-version":[{"id":4183,"href":"https:\/\/morewoodmore.com\/hu\/wp-json\/wp\/v2\/pages\/3807\/revisions\/4183"}],"wp:attachment":[{"href":"https:\/\/morewoodmore.com\/hu\/wp-json\/wp\/v2\/media?parent=3807"}],"curies":[{"name":"wp","href":"https:\/\/api.w.org\/{rel}","templated":true}]}}